{"id":278,"date":"2024-04-02T16:25:53","date_gmt":"2024-04-02T16:25:53","guid":{"rendered":"https:\/\/hermanomiguelcuenca.lasalleweb.ec\/?page_id=278"},"modified":"2025-10-07T14:54:11","modified_gmt":"2025-10-07T14:54:11","slug":"noticias","status":"publish","type":"page","link":"https:\/\/hermanomiguelcuenca.lasalleweb.ec\/?page_id=278","title":{"rendered":"Noticias"},"content":{"rendered":"<p>[et_pb_section fb_built=\u00bb1&#8243; admin_label=\u00bbHow It Works\u00bb _builder_version=\u00bb4.27.4&#8243; _module_preset=\u00bbdefault\u00bb background_enable_color=\u00bboff\u00bb min_height=\u00bb1136.5px\u00bb custom_margin=\u00bb||-332px|||\u00bb custom_padding=\u00bb||404px|||\u00bb collapsed=\u00bbon\u00bb global_colors_info=\u00bb{%22gcid-8ce98ce1-4460-49e4-9cd7-b148b47c216c%22:%91%22background_color%22%93}\u00bb][et_pb_row column_structure=\u00bb1_3,1_3,1_3&#8243; _builder_version=\u00bb4.27.4&#8243; _module_preset=\u00bbdefault\u00bb custom_padding=\u00bb58px|||||\u00bb global_colors_info=\u00bb{}\u00bb][et_pb_column type=\u00bb1_3&#8243; _builder_version=\u00bb4.27.4&#8243; _module_preset=\u00bbdefault\u00bb global_colors_info=\u00bb{}\u00bb][\/et_pb_column][et_pb_column type=\u00bb1_3&#8243; _builder_version=\u00bb4.27.4&#8243; _module_preset=\u00bbdefault\u00bb global_colors_info=\u00bb{}\u00bb][et_pb_text _builder_version=\u00bb4.23.1&#8243; _module_preset=\u00bb3c4fc7ca-3c41-462c-876b-4438b79c6139&#8243; text_orientation=\u00bbcenter\u00bb global_colors_info=\u00bb{}\u00bb]<\/p>\n<h2>NOTICIAS<\/h2>\n<p>[\/et_pb_text][\/et_pb_column][et_pb_column type=\u00bb1_3&#8243; _builder_version=\u00bb4.27.4&#8243; _module_preset=\u00bbdefault\u00bb global_colors_info=\u00bb{}\u00bb][\/et_pb_column][\/et_pb_row][et_pb_row column_structure=\u00bb1_3,1_3,1_3&#8243; _builder_version=\u00bb4.27.4&#8243; _module_preset=\u00bbdefault\u00bb global_colors_info=\u00bb{}\u00bb][et_pb_column type=\u00bb1_3&#8243; _builder_version=\u00bb4.27.4&#8243; _module_preset=\u00bbdefault\u00bb global_colors_info=\u00bb{}\u00bb][et_pb_blurb title=\u00bbRetiro espiritual del personal docente y administrativo: \u201cDel bien-ser al bien-estar\u201d\u00bb image=\u00bbhttps:\/\/hermanomiguelcuenca.lasalleweb.ec\/wp-content\/uploads\/2025\/10\/542218548_1348196630648797_7809594413414554030_n-2.jpg\u00bb _builder_version=\u00bb4.27.4&#8243; _dynamic_attributes=\u00bbcontent\u00bb _module_preset=\u00bbdefault\u00bb body_font=\u00bb||||||||\u00bb body_font_size=\u00bb16px\u00bb text_orientation=\u00bbjustified\u00bb global_colors_info=\u00bb{}\u00bb]@ET-DC@eyJkeW5hbWljIjp0cnVlLCJjb250ZW50IjoicG9zdF9leGNlcnB0Iiwic2V0dGluZ3MiOnsiYmVmb3JlIjoiQ3VlbmNhLCBhZ29zdG8gZGUgMjAyNS4gTG9zIGRcdTAwZWRhcyAyOCB5IDI5IGRlIGFnb3N0bywgZWwgcGVyc29uYWwgZG9jZW50ZSwgYWRtaW5pc3RyYXRpdm8geSBkZSBhcG95byBkZSBsYSBVbmlkYWQgRWR1Y2F0aXZhIEhlcm1hbm8gTWlndWVsIGRlIExhIFNhbGxlIGRlIEN1ZW5jYSBwYXJ0aWNpcFx1MDBmMyBlbiBlbCByZXRpcm8gZXNwaXJpdHVhbCBwcmV2aW8gYWwgaW5pY2lvIGRlbCBhXHUwMGYxbyBsZWN0aXZvIDIwMjVcdTIwMTMyMDI2LCBkZXNhcnJvbGxhZG8gYmFqbyBlbCBsZW1hIFx1MjAxY0RlbCBiaWVuLXNlciBhbCBiaWVuLWVzdGFyXHUyMDFkLiIsImFmdGVyIjoiIiwid29yZHMiOiIiLCJyZWFkX21vcmVfbGFiZWwiOiIifX0=@[\/et_pb_blurb][et_pb_button button_text=\u00bbVer m\u00e1s\u00bb _builder_version=\u00bb4.27.4&#8243; _module_preset=\u00bbdefault\u00bb button_url=\u00bbhttps:\/\/hermanomiguelcuenca.lasalleweb.ec\/?p=895&#038;et_fb=1&#038;PageSpeed=off\u00bb hover_enabled=\u00bb0&#8243; sticky_enabled=\u00bb0&#8243;][\/et_pb_button][\/et_pb_column][et_pb_column type=\u00bb1_3&#8243; _builder_version=\u00bb4.27.4&#8243; _module_preset=\u00bbdefault\u00bb global_colors_info=\u00bb{}\u00bb][et_pb_blurb title=\u00bbA\u00d1O LECTIVO 2025 &#8211; 2026 \u00bb image=\u00bbhttps:\/\/hermanomiguelcuenca.lasalleweb.ec\/wp-content\/uploads\/2025\/10\/542132118_1351093487025778_8449344998630072864_n.jpg\u00bb _builder_version=\u00bb4.27.4&#8243; _module_preset=\u00bbdefault\u00bb body_text_align=\u00bbjustify\u00bb body_font_size=\u00bb11px\u00bb global_colors_info=\u00bb{}\u00bb]<\/p>\n<p data-start=\"530\" data-end=\"767\"><span style=\"font-size: medium;\">La Unidad Educativa Hermano Miguel de La Salle de Cuenca dio inicio al a\u00f1o lectivo 2025\u20132026, recibiendo con alegr\u00eda a estudiantes, docentes y familias que integran nuestra comunidad educativa.<\/span><\/p>\n<h4 data-start=\"769\" data-end=\"821\"><span style=\"font-size: medium;\">Un nuevo ciclo de aprendizaje y crecimiento<\/span><\/h4>\n<p data-start=\"822\" data-end=\"1213\"><span style=\"font-size: medium;\">Con entusiasmo y esp\u00edritu lasallista, renovamos nuestro compromiso de formar personas \u00edntegras, solidarias y comprometidas con la sociedad, siguiendo el ejemplo de San Juan Bautista de La Salle.<\/span><\/p>\n<p>\u200b<\/p>\n<p>[\/et_pb_blurb][et_pb_button button_text=\u00bbVer m\u00e1s\u00bb _builder_version=\u00bb4.27.4&#8243; _module_preset=\u00bbdefault\u00bb hover_enabled=\u00bb0&#8243; sticky_enabled=\u00bb0&#8243; button_url=\u00bbhttps:\/\/hermanomiguelcuenca.lasalleweb.ec\/?p=896&#038;et_fb=1&#038;PageSpeed=off\u00bb][\/et_pb_button][\/et_pb_column][et_pb_column type=\u00bb1_3&#8243; _builder_version=\u00bb4.27.4&#8243; _module_preset=\u00bbdefault\u00bb global_colors_info=\u00bb{}\u00bb][et_pb_blurb title=\u00bbVISITA DE LAS RELIQUIAS DEL SANTO HERMANO MIGUEL A LA INSTITUCI\u00d3N\u00bb image=\u00bbhttps:\/\/hermanomiguelcuenca.lasalleweb.ec\/wp-content\/uploads\/2025\/10\/556024545_1374917984643328_5445435855582768598_n.jpg\u00bb _builder_version=\u00bb4.27.4&#8243; _module_preset=\u00bbdefault\u00bb header_font_size=\u00bb18px\u00bb body_font=\u00bb||||||||\u00bb body_text_align=\u00bbjustify\u00bb body_font_size=\u00bb13px\u00bb text_orientation=\u00bbjustified\u00bb custom_padding=\u00bb||0px|||\u00bb global_colors_info=\u00bb{}\u00bb]<\/p>\n<p data-start=\"476\" data-end=\"719\">Un acontecimiento hist\u00f3rico colm\u00f3 de fe, emoci\u00f3n y esperanza a la comunidad educativa de la Unidad Educativa Hermano Miguel de La Salle de Cuenca: la visita de las reliquias del Santo Hermano Miguel.<\/p>\n<h4 data-start=\"721\" data-end=\"771\">Un encuentro espiritual que une corazones<\/h4>\n<p data-start=\"772\" data-end=\"1033\">Durante esta significativa jornada, la instituci\u00f3n vivi\u00f3 momentos de profunda devoci\u00f3n: la solemne bienvenida, la celebraci\u00f3n de la Santa Misa y la participaci\u00f3n de diversas unidades educativas de la ciudad, que se unieron en oraci\u00f3n y veneraci\u00f3n.<\/p>\n<p>[\/et_pb_blurb][et_pb_button button_text=\u00bbVer m\u00e1s\u00bb _builder_version=\u00bb4.27.4&#8243; _module_preset=\u00bbdefault\u00bb button_url=\u00bbhttps:\/\/hermanomiguelcuenca.lasalleweb.ec\/?p=897&#038;et_fb=1&#038;PageSpeed=off\u00bb hover_enabled=\u00bb0&#8243; sticky_enabled=\u00bb0&#8243;][\/et_pb_button][\/et_pb_column][\/et_pb_row][\/et_pb_section][et_pb_section fb_built=\u00bb1&#8243; admin_label=\u00bbFooter Links\u00bb _builder_version=\u00bb4.24.0&#8243; _module_preset=\u00bbdefault\u00bb background_color=\u00bbgcid-dfe2e0c1-6f93-4563-8502-7952298bf493&#8243; custom_margin=\u00bb11px|||||\u00bb custom_padding=\u00bb102px||12px|||\u00bb global_module=\u00bb152&#8243; saved_tabs=\u00bball\u00bb locked=\u00bboff\u00bb collapsed=\u00bbon\u00bb global_colors_info=\u00bb{%22gcid-dfe2e0c1-6f93-4563-8502-7952298bf493%22:%91%22background_color%22%93}\u00bb][et_pb_row column_structure=\u00bb1_4,1_4,1_4,1_4&#8243; _builder_version=\u00bb4.24.0&#8243; _module_preset=\u00bbdefault\u00bb custom_padding=\u00bb||0px|||\u00bb global_colors_info=\u00bb{}\u00bb][et_pb_column type=\u00bb1_4&#8243; _builder_version=\u00bb4.21.0&#8243; _module_preset=\u00bbdefault\u00bb global_colors_info=\u00bb{}\u00bb][et_pb_image src=\u00bbhttps:\/\/hermanomiguelcuenca.lasalleweb.ec\/wp-content\/uploads\/2025\/01\/U.E.P-Hermano-Miguel-Cuenca-07.png\u00bb title_text=\u00bbU.E.P Hermano Miguel Cuenca-07&#8243; _builder_version=\u00bb4.27.4&#8243; _module_preset=\u00bbdefault\u00bb global_colors_info=\u00bb{}\u00bb][\/et_pb_image][et_pb_social_media_follow _builder_version=\u00bb4.24.0&#8243; _module_preset=\u00bbdefault\u00bb global_colors_info=\u00bb{}\u00bb][et_pb_social_media_follow_network social_network=\u00bbyoutube\u00bb url=\u00bbhttps:\/\/www.youtube.com\/channel\/UC1Z48293Tf-kzsxStDSgSOQ\u00bb icon_color=\u00bb#FFFFFF\u00bb use_icon_font_size=\u00bbon\u00bb icon_font_size=\u00bb21px\u00bb _builder_version=\u00bb4.24.0&#8243; _module_preset=\u00bbdefault\u00bb background_enable_color=\u00bboff\u00bb custom_button=\u00bbon\u00bb global_colors_info=\u00bb{}\u00bb follow_button=\u00bboff\u00bb url_new_window=\u00bbon\u00bb]youtube[\/et_pb_social_media_follow_network][et_pb_social_media_follow_network social_network=\u00bbfacebook\u00bb url=\u00bbhttps:\/\/www.facebook.com\/sallecuenca\u00bb icon_color=\u00bb#FFFFFF\u00bb use_icon_font_size=\u00bbon\u00bb icon_font_size=\u00bb21px\u00bb _builder_version=\u00bb4.24.0&#8243; _module_preset=\u00bbdefault\u00bb background_enable_color=\u00bboff\u00bb custom_button=\u00bbon\u00bb global_colors_info=\u00bb{}\u00bb follow_button=\u00bboff\u00bb url_new_window=\u00bbon\u00bb]facebook[\/et_pb_social_media_follow_network][et_pb_social_media_follow_network social_network=\u00bbinstagram\u00bb url=\u00bbhttps:\/\/www.instagram.com\/UEP.Hermano_Miguel_Cuenca\/\u00bb icon_color=\u00bb#FFFFFF\u00bb use_icon_font_size=\u00bbon\u00bb icon_font_size=\u00bb21px\u00bb _builder_version=\u00bb4.24.0&#8243; _module_preset=\u00bbdefault\u00bb background_enable_color=\u00bboff\u00bb custom_button=\u00bbon\u00bb global_colors_info=\u00bb{}\u00bb follow_button=\u00bboff\u00bb url_new_window=\u00bbon\u00bb]instagram[\/et_pb_social_media_follow_network][\/et_pb_social_media_follow][\/et_pb_column][et_pb_column type=\u00bb1_4&#8243; _builder_version=\u00bb4.21.0&#8243; _module_preset=\u00bbdefault\u00bb global_colors_info=\u00bb{}\u00bb][et_pb_text _builder_version=\u00bb4.24.0&#8243; _module_preset=\u00bb9e0f691a-51a6-4320-a4bb-7b8eaf0485ea\u00bb header_4_text_color=\u00bb#FFFFFF\u00bb header_4_font_size=\u00bb20px\u00bb custom_margin=\u00bb||20px||false|false\u00bb global_colors_info=\u00bb{}\u00bb]<\/p>\n<h4>TEL\u00c9FONOS<\/h4>\n<p>[\/et_pb_text][et_pb_text _builder_version=\u00bb4.24.0&#8243; _module_preset=\u00bb9e13ac0a-9ab7-4711-b476-4f1256d1adc0&#8243; text_font=\u00bbNunito||||||||\u00bb text_text_color=\u00bb#FFFFFF\u00bb text_font_size=\u00bb7px\u00bb link_text_color=\u00bbgcid-4e1a4293-6847-4a8b-8670-1037625c3a21&#8243; custom_margin=\u00bb||12px||false|false\u00bb text_font_size_last_edited=\u00bboff|desktop\u00bb global_colors_info=\u00bb{%22gcid-4e1a4293-6847-4a8b-8670-1037625c3a21%22:%91%22link_text_color%22%93}\u00bb]<\/p>\n<p class=\"font_8 wixui-rich-text__text\"><span class=\"wixui-rich-text__text\">(07) 2810 349<\/span><\/p>\n<p class=\"font_8 wixui-rich-text__text\"><span class=\"wixui-rich-text__text\">(07) 2814 184<\/span><\/p>\n<p class=\"font_8 wixui-rich-text__text\"><span class=\"wixui-rich-text__text\">(07) 2881 235<\/span><\/p>\n<p>[\/et_pb_text][et_pb_text _builder_version=\u00bb4.24.0&#8243; _module_preset=\u00bb9e0f691a-51a6-4320-a4bb-7b8eaf0485ea\u00bb header_4_text_color=\u00bb#FFFFFF\u00bb header_4_font_size=\u00bb20px\u00bb custom_margin=\u00bb||20px||false|false\u00bb global_colors_info=\u00bb{}\u00bb]<\/p>\n<h4>SECRETAR\u00cdA<\/h4>\n<p>[\/et_pb_text][et_pb_text _builder_version=\u00bb4.27.4&#8243; _module_preset=\u00bb9e13ac0a-9ab7-4711-b476-4f1256d1adc0&#8243; text_font=\u00bbNunito||||||||\u00bb text_text_color=\u00bb#FFFFFF\u00bb text_font_size=\u00bb7px\u00bb link_text_color=\u00bbgcid-4e1a4293-6847-4a8b-8670-1037625c3a21&#8243; custom_margin=\u00bb||8px||false|false\u00bb text_font_size_last_edited=\u00bboff|desktop\u00bb global_colors_info=\u00bb{%22gcid-4e1a4293-6847-4a8b-8670-1037625c3a21%22:%91%22link_text_color%22%93}\u00bb]<\/p>\n<p class=\"font_8 wixui-rich-text__text\">098 378 2452<\/p>\n<p>[\/et_pb_text][\/et_pb_column][et_pb_column type=\u00bb1_4&#8243; _builder_version=\u00bb4.21.0&#8243; _module_preset=\u00bbdefault\u00bb global_colors_info=\u00bb{}\u00bb][et_pb_image src=\u00bbhttps:\/\/hermanomiguelcuenca.lasalleweb.ec\/wp-content\/uploads\/2024\/02\/98d749_9632f7fa33a944d2b8a17e215da118c3mv2.webp\u00bb title_text=\u00bb98d749_9632f7fa33a944d2b8a17e215da118c3~mv2&#8243; _builder_version=\u00bb4.24.0&#8243; _module_preset=\u00bbdefault\u00bb global_colors_info=\u00bb{}\u00bb][\/et_pb_image][et_pb_image src=\u00bbhttps:\/\/hermanomiguelcuenca.lasalleweb.ec\/wp-content\/uploads\/2024\/02\/98d749_3632d509fb614ae5adc97769efeff12fmv2.webp\u00bb title_text=\u00bb98d749_3632d509fb614ae5adc97769efeff12f~mv2&#8243; _builder_version=\u00bb4.24.0&#8243; _module_preset=\u00bbdefault\u00bb global_colors_info=\u00bb{}\u00bb][\/et_pb_image][\/et_pb_column][et_pb_column type=\u00bb1_4&#8243; _builder_version=\u00bb4.21.0&#8243; _module_preset=\u00bbdefault\u00bb global_colors_info=\u00bb{}\u00bb][\/et_pb_column][\/et_pb_row][et_pb_row _builder_version=\u00bb4.24.0&#8243; _module_preset=\u00bbdefault\u00bb custom_padding=\u00bb0px||8px|||\u00bb global_colors_info=\u00bb{}\u00bb][et_pb_column type=\u00bb4_4&#8243; _builder_version=\u00bb4.24.0&#8243; _module_preset=\u00bbdefault\u00bb global_colors_info=\u00bb{}\u00bb][et_pb_text _builder_version=\u00bb4.27.4&#8243; _module_preset=\u00bbdefault\u00bb text_text_color=\u00bb#FFFFFF\u00bb text_orientation=\u00bbcenter\u00bb global_colors_info=\u00bb{}\u00bb]<\/p>\n<p><img decoding=\"async\" src=\"https:\/\/static.wixstatic.com\/media\/98d749_064d87306ec548a9880d4b52ee04a33d~mv2.webp\" \/><br \/>U.E Hermano Miguel De La Salle &#8211; Derechos Reservados<\/p>\n<p>[\/et_pb_text][\/et_pb_column][\/et_pb_row][\/et_pb_section]<\/p>\n","protected":false},"excerpt":{"rendered":"<p>NOTICIASLa Unidad Educativa Hermano Miguel de La Salle de Cuenca dio inicio al a\u00f1o lectivo 2025\u20132026, recibiendo con alegr\u00eda a estudiantes, docentes y familias que integran nuestra comunidad educativa. Un nuevo ciclo de aprendizaje y crecimiento Con entusiasmo y esp\u00edritu lasallista, renovamos nuestro compromiso de formar personas \u00edntegras, solidarias y comprometidas con la sociedad, siguiendo [&hellip;]<\/p>\n","protected":false},"author":5,"featured_media":0,"parent":0,"menu_order":0,"comment_status":"closed","ping_status":"closed","template":"","meta":{"_et_pb_use_builder":"on","_et_pb_old_content":"","_et_gb_content_width":"","footnotes":""},"class_list":["post-278","page","type-page","status-publish","hentry"],"_links":{"self":[{"href":"https:\/\/hermanomiguelcuenca.lasalleweb.ec\/index.php?rest_route=\/wp\/v2\/pages\/278","targetHints":{"allow":["GET"]}}],"collection":[{"href":"https:\/\/hermanomiguelcuenca.lasalleweb.ec\/index.php?rest_route=\/wp\/v2\/pages"}],"about":[{"href":"https:\/\/hermanomiguelcuenca.lasalleweb.ec\/index.php?rest_route=\/wp\/v2\/types\/page"}],"author":[{"embeddable":true,"href":"https:\/\/hermanomiguelcuenca.lasalleweb.ec\/index.php?rest_route=\/wp\/v2\/users\/5"}],"replies":[{"embeddable":true,"href":"https:\/\/hermanomiguelcuenca.lasalleweb.ec\/index.php?rest_route=%2Fwp%2Fv2%2Fcomments&post=278"}],"version-history":[{"count":11,"href":"https:\/\/hermanomiguelcuenca.lasalleweb.ec\/index.php?rest_route=\/wp\/v2\/pages\/278\/revisions"}],"predecessor-version":[{"id":930,"href":"https:\/\/hermanomiguelcuenca.lasalleweb.ec\/index.php?rest_route=\/wp\/v2\/pages\/278\/revisions\/930"}],"wp:attachment":[{"href":"https:\/\/hermanomiguelcuenca.lasalleweb.ec\/index.php?rest_route=%2Fwp%2Fv2%2Fmedia&parent=278"}],"curies":[{"name":"wp","href":"https:\/\/api.w.org\/{rel}","templated":true}]}}